{"id":1337,"date":"2017-01-26T17:32:54","date_gmt":"2017-01-26T17:32:54","guid":{"rendered":"http:\/\/www.joenessa.org\/ca\/trabalh\/"},"modified":"2020-05-12T10:01:27","modified_gmt":"2020-05-12T10:01:27","slug":"treball","status":"publish","type":"page","link":"https:\/\/www.joenessa.org\/ca\/treball\/","title":{"rendered":"Treball"},"content":{"rendered":"<p>[vc_row full_width=&#8221;stretch_row_content&#8221; bg_type=&#8221;image&#8221; parallax_style=&#8221;vcpb-vz-jquery&#8221; bg_image_new=&#8221;1233|http:\/\/www.joenessa.org\/wp-content\/uploads\/2017\/01\/trabajo-2.jpg&#8221; bg_image_repeat=&#8221;no-repeat&#8221; bg_image_size=&#8221;initial&#8221; bg_img_attach=&#8221;fixed&#8221; css=&#8221;.vc_custom_1589276753077{padding-top: 30px !important;padding-bottom: 30px !important;background-color: #e2e1e4 !important;background-position: 0 0 !important;background-repeat: no-repeat !important;}&#8221; el_class=&#8221;slider-portada&#8221;][vc_column][vc_custom_heading text=&#8221;Treball&#8221; font_container=&#8221;tag:h1|text_align:center&#8221; google_fonts=&#8221;font_family:Open%20Sans%3A300%2C300italic%2Cregular%2Citalic%2C600%2C600italic%2C700%2C700italic%2C800%2C800italic|font_style:400%20regular%3A400%3Anormal&#8221; el_class=&#8221;titulo-destacado&#8221;][\/vc_column][\/vc_row][vc_row full_width=&#8221;stretch_row&#8221; css=&#8221;.vc_custom_1485455321025{padding-top: 30px !important;padding-bottom: 30px !important;background-color: #e8e8e8 !important;}&#8221;][vc_column width=&#8221;1\/2&#8243; css=&#8221;.vc_custom_1485455311706{padding-bottom: 0px !important;padding-left: 40px !important;}&#8221;][vc_column_text css=&#8221;.vc_custom_1589277680353{padding-bottom: 75px !important;}&#8221;]<\/p>\n<ul>\n<li><span style=\"color: #0084a0;\"><strong>Bossa Jove de Treball:<\/strong><\/span> servei que ofereix l&#8217;Oficina de Joenessa del Conselh Generau d\u2019Aran que t\u00e9 com objectiu posar en contacte als joves que busquen un treball amb les empreses que ofereixen places laborals.<\/li>\n<\/ul>\n<ul>\n<li><strong><span style=\"color: #0084a0;\">Formaci\u00f3:<\/span><\/strong> es programen cursos per a que els joves adquireixin actituds i aptituds laborals que els permentin millorar el seu curr\u00edculum segons la necessitat i la demanda que ells tenen. Per realitzar aquestes formacions es col.labore amb d\u2019altres departaments del Conselh Generau d\u2019Aran i d\u2019altres serveis, entitats i institucions de la Val d\u2019Aran.<\/li>\n<\/ul>\n<ul>\n<li><span style=\"color: #0084a0;\"><strong>Assessorament:<\/strong><\/span> als joves en el proc\u00e9s de recerca de treball, en orientaci\u00f3 laboral, en discriminaci\u00f3 laboral, en drets i deures laborals, en emprenedoria, en contractes, en n\u00f2mines, en ajudes,\u2026 Si \u00e9s necess\u00e0ri se&#8217;ls deriva al servei especialitzat d\u2019assessorament laboral i jur\u00eddic, servei ofert tamb\u00e9 per la nostra Oficina.<\/li>\n<\/ul>\n<ul>\n<li><span style=\"color: #0084a0;\"><strong>Promoci\u00f3 de la emprenedoria:<\/strong><\/span> assessorament i acompanyament als joves que volen emprendre. Organitzaci\u00f3 d\u2019espais per compartir experi\u00e8ncies entre joves emprendedors, joves que volen emprendre i d\u2019altres professionals.<\/li>\n<\/ul>\n<ul>\n<li><strong><span style=\"color: #0084a0;\">Programa Garantia Juvenil (PGJ):<\/span><\/strong> promoci\u00f3 i difusi\u00f3 del programa, informaci\u00f3 dels recursos i programes gen\u00e8rics per a persones joves, amb especial import\u00e0ncia de tota aquella informaci\u00f3 destacada en els \u00e0mbits formatius i laborals, suport a la inscripci\u00f3 aut\u00f2noma de les persones joves en el registre de Garantia Juvenil, seguiment i tutoritzaci\u00f3 de les persones joves pendent i despr\u00e9s de la seva participaci\u00f3 en les diferents politiques actives d&#8217;ocupaci\u00f3 o en els programes especifics que s&#8217;articulen en el PGJ i relaci\u00f3 i coordinaci\u00f3 amb les entitats i d\u2019altres organismes que participen en PGJ.<\/li>\n<\/ul>\n<p>[\/vc_column_text][\/vc_column][vc_column width=&#8221;1\/2&#8243; css=&#8221;.vc_custom_1485455303736{padding-right: 20px !important;padding-bottom: 20px !important;}&#8221;][vc_single_image image=&#8221;950&#8243; img_size=&#8221;600&#215;600&#8243; alignment=&#8221;center&#8221; css=&#8221;.vc_custom_1485452674352{padding-right: 20px !important;padding-bottom: 5px !important;}&#8221;][\/vc_column][\/vc_row][vc_row][vc_column][vc_column_text]<\/p>\n<h1 style=\"text-align: center;\">Enlla\u00e7os d&#8217;inter\u00e8s<\/h1>\n<p>[\/vc_column_text][\/vc_column][\/vc_row][vc_row][vc_column width=&#8221;1\/2&#8243;][vc_column_text]<\/p>\n<ul>\n<li>SOC, Servei d\u2019Ocupaci\u00f3 de Catalunya<\/li>\n<\/ul>\n<p><a href=\"https:\/\/www.oficinadetreball.gencat.cat\/\">https:\/\/www.oficinadetreball.gencat.cat\/<\/a><\/p>\n<p><a href=\"https:\/\/feinaactiva.gencat.cat\/\">https:\/\/feinaactiva.gencat.cat\/<\/a><\/p>\n<ul>\n<li>Departament de treball<\/li>\n<\/ul>\n<p><a href=\"http:\/\/web.gencat.cat\/ca\/temes\/treball\/\">http:\/\/web.gencat.cat\/ca\/temes\/treball\/<\/a><\/p>\n<ul>\n<li>Convenis collectius<\/li>\n<\/ul>\n<p><a href=\"http:\/\/treball.gencat.cat\/ca\/consell_relacions_laborals\/convenis_colectius\/cercador_de_convenis\/\">http:\/\/treball.gencat.cat\/ca\/consell_relacions_laborals\/<\/a><\/p>\n<ul>\n<li>SEPE, Servicio Publico de Empleo Estatal<\/li>\n<\/ul>\n<p><a href=\"https:\/\/www.sepe.es\/\">https:\/\/www.sepe.es\/<\/a>[\/vc_column_text][\/vc_column][vc_column width=&#8221;1\/2&#8243;][vc_column_text]<\/p>\n<ul>\n<li>Portaus entara recerca de trabalh:<\/li>\n<\/ul>\n<p><a href=\"http:\/\/www.infofeina.com\/\">http:\/\/www.infofeina.com\/<\/a><\/p>\n<p><a href=\"http:\/\/trobarefeina.com\/\">http:\/\/trobarefeina.com\/<\/a><\/p>\n<p><a href=\"http:\/\/www.bicat.cat\/\">http:\/\/www.bicat.cat\/<\/a><\/p>\n<p><a href=\"http:\/\/www.catalunyawork.com\/\">http:\/\/www.catalunyawork.com\/<\/a><\/p>\n<p><a href=\"https:\/\/www.infojobs.net\/\">https:\/\/www.infojobs.net\/<\/a><\/p>\n<ul>\n<li>Ag\u00e8ncia tributaria<\/li>\n<\/ul>\n<p><a href=\"http:\/\/www.agenciatributaria.es\/\">http:\/\/www.agenciatributaria.es\/<\/a><\/p>\n<ul>\n<li>Seguretat sociau<\/li>\n<\/ul>\n<p><a href=\"http:\/\/www.seg-social.es\/\">http:\/\/www.seg-social.es\/<\/a><\/p>\n<p>.[\/vc_column_text][\/vc_column][\/vc_row]<\/p>\n","protected":false},"excerpt":{"rendered":"<p>[vc_row full_width=&#8221;stretch_row_content&#8221; bg_type=&#8221;image&#8221; parallax_style=&#8221;vcpb-vz-jquery&#8221; bg_image_new=&#8221;1233|http:\/\/www.joenessa.org\/wp-content\/uploads\/2017\/01\/trabajo-2.jpg&#8221; bg_image_repeat=&#8221;no-repeat&#8221; bg_image_size=&#8221;initial&#8221; bg_img_attach=&#8221;fixed&#8221; css=&#8221;.vc_custom_1589276753077{padding-top: 30px [&hellip;]<\/p>\n","protected":false},"author":3,"featured_media":0,"parent":0,"menu_order":0,"comment_status":"closed","ping_status":"closed","template":"","meta":[],"_links":{"self":[{"href":"https:\/\/www.joenessa.org\/ca\/wp-json\/wp\/v2\/pages\/1337"}],"collection":[{"href":"https:\/\/www.joenessa.org\/ca\/wp-json\/wp\/v2\/pages"}],"about":[{"href":"https:\/\/www.joenessa.org\/ca\/wp-json\/wp\/v2\/types\/page"}],"author":[{"embeddable":true,"href":"https:\/\/www.joenessa.org\/ca\/wp-json\/wp\/v2\/users\/3"}],"replies":[{"embeddable":true,"href":"https:\/\/www.joenessa.org\/ca\/wp-json\/wp\/v2\/comments?post=1337"}],"version-history":[{"count":6,"href":"https:\/\/www.joenessa.org\/ca\/wp-json\/wp\/v2\/pages\/1337\/revisions"}],"predecessor-version":[{"id":1930,"href":"https:\/\/www.joenessa.org\/ca\/wp-json\/wp\/v2\/pages\/1337\/revisions\/1930"}],"wp:attachment":[{"href":"https:\/\/www.joenessa.org\/ca\/wp-json\/wp\/v2\/media?parent=1337"}],"curies":[{"name":"wp","href":"https:\/\/api.w.org\/{rel}","templated":true}]}}