{"id":1344,"date":"2017-01-26T18:03:14","date_gmt":"2017-01-26T18:03:14","guid":{"rendered":"http:\/\/www.joenessa.org\/ca\/salud\/"},"modified":"2020-05-12T09:46:37","modified_gmt":"2020-05-12T09:46:37","slug":"salut","status":"publish","type":"page","link":"https:\/\/www.joenessa.org\/ca\/salut\/","title":{"rendered":"Salut"},"content":{"rendered":"<p>[vc_row full_width=&#8221;stretch_row_content&#8221; bg_type=&#8221;image&#8221; parallax_style=&#8221;vcpb-vz-jquery&#8221; bg_image_new=&#8221;1241|http:\/\/www.joenessa.org\/wp-content\/uploads\/2017\/01\/salud-3.jpg&#8221; bg_image_repeat=&#8221;no-repeat&#8221; bg_img_attach=&#8221;fixed&#8221; css=&#8221;.vc_custom_1589276788566{padding-top: 30px !important;padding-bottom: 30px !important;background-color: #e2e1e4 !important;background-position: 0 0 !important;background-repeat: no-repeat !important;}&#8221; el_class=&#8221;slider-portada&#8221;][vc_column][vc_custom_heading text=&#8221;Salut&#8221; font_container=&#8221;tag:h1|text_align:center&#8221; google_fonts=&#8221;font_family:Open%20Sans%3A300%2C300italic%2Cregular%2Citalic%2C600%2C600italic%2C700%2C700italic%2C800%2C800italic|font_style:400%20regular%3A400%3Anormal&#8221; el_class=&#8221;titulo-destacado&#8221;][\/vc_column][\/vc_row][vc_row full_width=&#8221;stretch_row&#8221; css=&#8221;.vc_custom_1486035461967{padding-top: 20px !important;background-color: #e8e8e8 !important;}&#8221;][vc_column width=&#8221;1\/2&#8243;][vc_column_text]<\/p>\n<ul>\n<li><span style=\"color: #0084a0;\"><strong>Orientaci\u00f3 i assessorament als joves per la promoci\u00f3 i prevenci\u00f3 de la salut:<\/strong><\/span> es realitzen tallers, xerrades, exposicions,&#8230; educatives en mat\u00e8ria de salut pels joves. Els tallers i xerrades es realitzen en els espais d&#8217;educaci\u00f3 formal i no formal. S\u00f3n realitzades per professionals sanit\u00e0ris o formats en la mat\u00e8ria. La tem\u00e0tica \u00e9s diversa, consums i sexualitat.<\/li>\n<\/ul>\n<ul>\n<li><span style=\"color: #0084a0;\"><strong>Campanyes d&#8217;informaci\u00f3 sobre diverses malalties:<\/strong><\/span> coincidint amb dies internacionals i mundials de commemoraci\u00f3 de malalties i adiccions, es realitzen campanyes a trav\u00e9s de diverses t\u00e8cniques en els diversos municipis i espais de la Val d&#8217;Aran. Les t\u00e8cniques de joventut lideren aquestes campanyes amb suport d&#8217;institucions de salut.<\/li>\n<\/ul>\n<ul>\n<li><span style=\"color: #0084a0;\"><strong>Assessorament psicol\u00f2gic:<\/strong><\/span> s\u00f3n entrevistes personalitzades amb una psic\u00f2loga, els joves accedeixen de manera voluntaria o per derivaci\u00f3 d&#8217;altres serveis. Les entrevistes s\u00f3n realitzades en l&#8217;espai de l&#8217;Oficina de Jonessa.<\/li>\n<\/ul>\n<ul>\n<li><span style=\"color: #0084a0;\"><strong>Actuacions nocturnes de salut:<\/strong><\/span> facilitar informaci\u00f3 als joves per refor\u00e7ar el treball de prevenci\u00f3 de consums en els espais d\u2019oci nocturn. Per realitzar aquestes actuacions es compta amb personal d&#8217;entitats que treballen en la promoci\u00f3 de la salut.<\/li>\n<\/ul>\n<p>[\/vc_column_text][\/vc_column][vc_column width=&#8221;1\/2&#8243;][vc_single_image image=&#8221;971&#8243; img_size=&#8221;600&#215;600&#8243; alignment=&#8221;center&#8221;][\/vc_column][\/vc_row][vc_row][vc_column][vc_column_text]<\/p>\n<h1 style=\"text-align: center;\">Enlla\u00e7os d&#8217;inter\u00e8s<\/h1>\n<p>[\/vc_column_text][\/vc_column][\/vc_row][vc_row][vc_column width=&#8221;1\/3&#8243;][\/vc_column][vc_column width=&#8221;1\/3&#8243;][vc_column_text]<\/p>\n<ul>\n<li>Espitau Val d\u2019Aran<\/li>\n<\/ul>\n<p><a href=\"http:\/\/www.aransalut.net\/as\/\">http:\/\/www.aransalut.net\/as\/<\/a><\/p>\n<ul>\n<li>Associaci\u00f3 Antisida<\/li>\n<\/ul>\n<p><a href=\"https:\/\/www.antisidalleida.org\/ca\/inici\">https:\/\/www.antisidalleida.org\/ca\/inici<\/a><\/p>\n<ul>\n<li>Departament de salut<\/li>\n<\/ul>\n<p><a href=\"http:\/\/salutweb.gencat.cat\/ca\/inici\/\">http:\/\/salutweb.gencat.cat\/ca\/inici\/<\/a>[\/vc_column_text][\/vc_column][vc_column width=&#8221;1\/3&#8243;][\/vc_column][\/vc_row]<\/p>\n","protected":false},"excerpt":{"rendered":"<p>[vc_row full_width=&#8221;stretch_row_content&#8221; bg_type=&#8221;image&#8221; parallax_style=&#8221;vcpb-vz-jquery&#8221; bg_image_new=&#8221;1241|http:\/\/www.joenessa.org\/wp-content\/uploads\/2017\/01\/salud-3.jpg&#8221; bg_image_repeat=&#8221;no-repeat&#8221; bg_img_attach=&#8221;fixed&#8221; css=&#8221;.vc_custom_1589276788566{padding-top: 30px !important;padding-bottom: [&hellip;]<\/p>\n","protected":false},"author":3,"featured_media":0,"parent":0,"menu_order":0,"comment_status":"closed","ping_status":"closed","template":"","meta":[],"_links":{"self":[{"href":"https:\/\/www.joenessa.org\/ca\/wp-json\/wp\/v2\/pages\/1344"}],"collection":[{"href":"https:\/\/www.joenessa.org\/ca\/wp-json\/wp\/v2\/pages"}],"about":[{"href":"https:\/\/www.joenessa.org\/ca\/wp-json\/wp\/v2\/types\/page"}],"author":[{"embeddable":true,"href":"https:\/\/www.joenessa.org\/ca\/wp-json\/wp\/v2\/users\/3"}],"replies":[{"embeddable":true,"href":"https:\/\/www.joenessa.org\/ca\/wp-json\/wp\/v2\/comments?post=1344"}],"version-history":[{"count":5,"href":"https:\/\/www.joenessa.org\/ca\/wp-json\/wp\/v2\/pages\/1344\/revisions"}],"predecessor-version":[{"id":1922,"href":"https:\/\/www.joenessa.org\/ca\/wp-json\/wp\/v2\/pages\/1344\/revisions\/1922"}],"wp:attachment":[{"href":"https:\/\/www.joenessa.org\/ca\/wp-json\/wp\/v2\/media?parent=1344"}],"curies":[{"name":"wp","href":"https:\/\/api.w.org\/{rel}","templated":true}]}}