{"id":1391,"date":"2016-01-22T12:26:55","date_gmt":"2016-01-22T12:26:55","guid":{"rendered":"http:\/\/www.joenessa.org\/ca\/inicio\/"},"modified":"2021-03-09T12:08:31","modified_gmt":"2021-03-09T12:08:31","slug":"inicio-2","status":"publish","type":"page","link":"https:\/\/www.joenessa.org\/ca\/","title":{"rendered":"Inici"},"content":{"rendered":"<p>[vc_row full_width=&#8221;stretch_row_content&#8221; bg_type=&#8221;image&#8221; parallax_style=&#8221;vcpb-vz-jquery&#8221; bg_image_new=&#8221;1202|http:\/\/www.joenessa.org\/wp-content\/uploads\/2016\/01\/portada_joenessa.jpg&#8221; bg_img_attach=&#8221;fixed&#8221; css=&#8221;.vc_custom_1485966435656{background-color: #e2e1e4 !important;background-position: 0 0 !important;background-repeat: no-repeat !important;}&#8221; el_class=&#8221;slider-portada&#8221;][vc_column][vc_custom_heading text=&#8221;Oficina de Joenessa&#8221; font_container=&#8221;tag:h1|text_align:center&#8221; google_fonts=&#8221;font_family:Open%20Sans%3A300%2C300italic%2Cregular%2Citalic%2C600%2C600italic%2C700%2C700italic%2C800%2C800italic|font_style:400%20regular%3A400%3Anormal&#8221; el_class=&#8221;titulo-destacado&#8221;][vc_row_inner css=&#8221;.vc_custom_1453724503600{margin-top: 60px !important;margin-right: 10px !important;margin-bottom: 30px !important;margin-left: 10px !important;}&#8221;][vc_column_inner width=&#8221;1\/6&#8243;]\n<div id=\"interactive-banner-1-wrap-7033\" class=\"ult-banner-block ult-adjust-bottom-margin ult-bb-box  banner-style13 boxes\"   style=\"\">\n\t<img src=\"https:\/\/www.joenessa.org\/wp-content\/uploads\/2016\/01\/vivienda_joenessa-1.jpg\" alt=\"\">\n\t<h3  data-ultimate-target='#interactive-banner-1-wrap-7033 .bb-top-title '  data-responsive-json-new='{\"font-size\":\"desktop:25px;\",\"line-height\":\"\"}'  class=\"title-center bb-top-title ult-responsive\" style=\"font-weight:normal;background:#0084a0;color:#ffffff;\">Habitatge<\/h3>\n\t<div class=\"mask opaque-background\" style=\"background:rgba(0,132,160,0.7);\">\n\t\t<div class=\"bb-back-icon\"><i class=\"home_joenessa-house-309113\"  style= \"color:#ffffff;\"><\/i><\/div>\n\t\t<p class=\"\" style=\"font-weight:normal;color:#ffffff;\">Ofereix als joves (agents, informaci\u00f3, assessorament, tramitaci\u00f3)<\/p>\n\t<\/div><a class=\"bb-link\" href=\"http:\/\/www.joenessa.org\/ca\/habitatge\/\" ><\/a>\n<\/div>[\/vc_column_inner][vc_column_inner width=&#8221;1\/6&#8243;]\n<div id=\"interactive-banner-1-wrap-7288\" class=\"ult-banner-block ult-adjust-bottom-margin ult-bb-box  banner-style13 boxes\"   style=\"\">\n\t<img src=\"https:\/\/www.joenessa.org\/wp-content\/uploads\/2016\/01\/educacion.jpg\" alt=\"\">\n\t<h3  data-ultimate-target='#interactive-banner-1-wrap-7288 .bb-top-title '  data-responsive-json-new='{\"font-size\":\"desktop:25px;\",\"line-height\":\"\"}'  class=\"title-center bb-top-title ult-responsive\" style=\"font-weight:normal;background:#0084a0;color:#ffffff;\">Educaci\u00f3<\/h3>\n\t<div class=\"mask opaque-background\" style=\"background:rgba(0,132,160,0.7);\">\n\t\t<div class=\"bb-back-icon\"><i class=\"Defaults-book\"  style= \"color:#ffffff;\"><\/i><\/div>\n\t\t<p class=\"\" style=\"font-weight:normal;color:#ffffff;\">Tramitaci\u00f3 de beques, suport, coordinaci\u00f3 i orientaci\u00f3 acad\u00e8mica<\/p>\n\t<\/div><a class=\"bb-link\" href=\"http:\/\/www.joenessa.org\/ca\/educacio\/\" ><\/a>\n<\/div>[\/vc_column_inner][vc_column_inner width=&#8221;1\/6&#8243;]\n<div id=\"interactive-banner-1-wrap-1049\" class=\"ult-banner-block ult-adjust-bottom-margin ult-bb-box  banner-style13 boxes\"   style=\"\">\n\t<img src=\"https:\/\/www.joenessa.org\/wp-content\/uploads\/2016\/01\/trabajo.jpg\" alt=\"\">\n\t<h3  data-ultimate-target='#interactive-banner-1-wrap-1049 .bb-top-title '  data-responsive-json-new='{\"font-size\":\"desktop:25px;\",\"line-height\":\"\"}'  class=\"title-center bb-top-title ult-responsive\" style=\"font-weight:normal;background:#0084a0;color:#ffffff;\">Treball<\/h3>\n\t<div class=\"mask opaque-background\" style=\"background:rgba(0,132,160,0.7);\">\n\t\t<div class=\"bb-back-icon\"><i class=\"home_joenessa-briefcase-1296053\"  style= \"color:#ffffff;\"><\/i><\/div>\n\t\t<p class=\"\" style=\"font-weight:normal;color:#ffffff;\">Borsa Jove de treball, formaci\u00f3, assessorament i Programa Garantia Juvenil (PGJ)<\/p>\n\t<\/div><a class=\"bb-link\" href=\"http:\/\/www.joenessa.org\/ca\/treball\/\" ><\/a>\n<\/div>[\/vc_column_inner][vc_column_inner width=&#8221;1\/6&#8243;]\n<div id=\"interactive-banner-1-wrap-6447\" class=\"ult-banner-block ult-adjust-bottom-margin ult-bb-box  banner-style13 boxes\"   style=\"\">\n\t<img src=\"https:\/\/www.joenessa.org\/wp-content\/uploads\/2016\/01\/salud.jpg\" alt=\"\">\n\t<h3  data-ultimate-target='#interactive-banner-1-wrap-6447 .bb-top-title '  data-responsive-json-new='{\"font-size\":\"desktop:25px;\",\"line-height\":\"\"}'  class=\"title-center bb-top-title ult-responsive\" style=\"font-weight:normal;background:#0084a0;color:#ffffff;\">Salut<\/h3>\n\t<div class=\"mask opaque-background\" style=\"background:rgba(0,132,160,0.7);\">\n\t\t<div class=\"bb-back-icon\"><i class=\"Defaults-heartbeat\"  style= \"color:#ffffff;\"><\/i><\/div>\n\t\t<p class=\"\" style=\"font-weight:normal;color:#ffffff;\">Orientaci\u00f3, assessorament, campanyes d'informaci\u00f3 i assessorament psicol\u00f2gic<\/p>\n\t<\/div><a class=\"bb-link\" href=\"http:\/\/www.joenessa.org\/ca\/salut\/\" ><\/a>\n<\/div>[\/vc_column_inner][vc_column_inner width=&#8221;1\/6&#8243;]\n<div id=\"interactive-banner-1-wrap-4148\" class=\"ult-banner-block ult-adjust-bottom-margin ult-bb-box  banner-style13 boxes\"   style=\"\">\n\t<img src=\"https:\/\/www.joenessa.org\/wp-content\/uploads\/2016\/01\/asociaciones-y-participaciones.jpg\" alt=\"\">\n\t<h3  data-ultimate-target='#interactive-banner-1-wrap-4148 .bb-top-title '  data-responsive-json-new='{\"font-size\":\"desktop:25px;\",\"line-height\":\"\"}'  class=\"title-center bb-top-title ult-responsive\" style=\"font-weight:normal;background:#0084a0;color:#ffffff;\">Associacionisme<\/h3>\n\t<div class=\"mask opaque-background\" style=\"background:rgba(0,132,160,0.7);\">\n\t\t<div class=\"bb-back-icon\"><i class=\"Defaults-puzzle-piece\"  style= \"color:#ffffff;\"><\/i><\/div>\n\t\t<p class=\"\" style=\"font-weight:normal;color:#ffffff;\">Assessorament a joves, pla de suport, promoci\u00f3 i organitzaci\u00f3 d'activitats<\/p>\n\t<\/div><a class=\"bb-link\" href=\"http:\/\/www.joenessa.org\/ca\/participacio-i-associacionisme\/\" ><\/a>\n<\/div>[\/vc_column_inner][vc_column_inner width=&#8221;1\/6&#8243;]\n<div id=\"interactive-banner-1-wrap-3144\" class=\"ult-banner-block ult-adjust-bottom-margin ult-bb-box  banner-style13 boxes\"   style=\"\">\n\t<img src=\"https:\/\/www.joenessa.org\/wp-content\/uploads\/2016\/01\/noticias.jpg\" alt=\"\">\n\t<h3  data-ultimate-target='#interactive-banner-1-wrap-3144 .bb-top-title '  data-responsive-json-new='{\"font-size\":\"desktop:25px;\",\"line-height\":\"\"}'  class=\"title-center bb-top-title ult-responsive\" style=\"font-weight:normal;background:#0084a0;color:#ffffff;\">Noticias<\/h3>\n\t<div class=\"mask opaque-background\" style=\"background:rgba(0,132,160,0.7);\">\n\t\t<div class=\"bb-back-icon\"><i class=\"Defaults-newspaper-o\"  style= \"color:#ffffff;\"><\/i><\/div>\n\t\t<p class=\"\" style=\"font-weight:normal;color:#ffffff;\">Inf\u00f3rmate sobre las novedades de la Oficina de Joenessa deth Conselh Generau d'Aran<\/p>\n\t<\/div><a class=\"bb-link\" href=\"http:\/\/www.joenessa.org\/noticias\/\" ><\/a>\n<\/div>[\/vc_column_inner][\/vc_row_inner][\/vc_column][\/vc_row][vc_row full_width=&#8221;stretch_row&#8221; css=&#8221;.vc_custom_1523634559509{margin-top: 0px !important;margin-bottom: 0px !important;padding-top: 0px !important;padding-bottom: 0px !important;background-color: #0084a0 !important;}&#8221;][vc_column css=&#8221;.vc_custom_1453808440676{padding-top: 0px !important;padding-bottom: 0px !important;}&#8221;][vc_row_inner][vc_column_inner el_class=&#8221;box-matriculas1&#8243; css=&#8221;.vc_custom_1453808522116{padding-top: 20px !important;padding-bottom: 20px !important;}&#8221;][vc_column_text]<\/p>\n<h1><img decoding=\"async\" class=\"icono-boxes alignnone wp-image-100 size-full\" src=\"https:\/\/www.joenessa.org\/wp-content\/uploads\/2020\/05\/paper-1.png\" alt=\"\" width=\"256\" height=\"256\" \/><span style=\"color: #ffffff;\"> <strong>OFERTES DE TREBALL<\/strong><\/span><\/h1>\n<p>[\/vc_column_text][vc_column_text]<\/p>\n<h1><strong><span style=\"color: #ff9900;\">VAL D&#8217;ARAN<\/span><\/strong><\/h1>\n<p>[\/vc_column_text][vc_column_text]<iframe class=\"airtable-embed\" style=\"background: transparent; border: 1px solid #ccc;\" src=\"https:\/\/airtable.com\/embed\/shrZnrsfLt7547TBt?backgroundColor=yellow&amp;viewControls=on\" width=\"100%\" height=\"533\" frameborder=\"0\"><\/iframe>[\/vc_column_text][\/vc_column_inner][\/vc_row_inner][\/vc_column][\/vc_row][vc_row][vc_column width=&#8221;1\/2&#8243;][vc_message color=&#8221;info&#8221;]Aquest taulell recull les ofertes publicades en els portals p\u00fablics d&#8217;ocupaci\u00f3.<\/p>\n<p>L&#8217; Oficina Joenessa Val d&#8217;Aran no es fa responsable del contingut d&#8217;aquestes.[\/vc_message][\/vc_column][vc_column width=&#8221;1\/2&#8243; css=&#8221;.vc_custom_1590734996133{margin-top: 20px !important;margin-right: 20px !important;margin-bottom: 20px !important;margin-left: 20px !important;border-top-width: 2px !important;border-right-width: 2px !important;border-bottom-width: 2px !important;border-left-width: 2px !important;border-left-color: #0084a0 !important;border-right-color: #0084a0 !important;border-top-color: #0084a0 !important;border-bottom-color: #0084a0 !important;}&#8221;][vc_column_text]<\/p>\n<h2 style=\"text-align: center;\"><strong><span style=\"color: #000000;\">Vols afegir una oferta?<\/span><\/strong><\/h2>\n<div id=\"gtx-trans\" style=\"position: absolute; left: -20px; top: 51.8125px;\">\n<div class=\"gtx-trans-icon\"><\/div>\n<\/div>\n<p>[\/vc_column_text][vc_btn title=&#8221;Respon el formulari online!&#8221; style=&#8221;outline-custom&#8221; outline_custom_color=&#8221;#0084a0&#8243; outline_custom_hover_background=&#8221;#0084a0&#8243; outline_custom_hover_text=&#8221;#ffffff&#8221; size=&#8221;lg&#8221; align=&#8221;center&#8221; css=&#8221;.vc_custom_1590734685799{margin-top: 0px !important;margin-bottom: 40px !important;}&#8221; link=&#8221;url:https%3A%2F%2Fairtable.com%2FshrSuxYd2bmlg4rhV||target:%20_blank|&#8221;][\/vc_column][\/vc_row][vc_row full_width=&#8221;stretch_row&#8221; css=&#8221;.vc_custom_1454064388125{margin-top: 0px !important;margin-bottom: 0px !important;padding-top: 0px !important;padding-bottom: 0px !important;background-color: #cecece !important;}&#8221;][vc_column css=&#8221;.vc_custom_1453808440676{padding-top: 0px !important;padding-bottom: 0px !important;}&#8221;][vc_column_text el_class=&#8221;bloque-icono-agenda&#8221; css=&#8221;.vc_custom_1454416234125{margin-top: 40px !important;margin-bottom: 10px !important;}&#8221;]<\/p>\n<h1><a href=\"http:\/\/www.joenessa.org\/wp-content\/uploads\/2016\/01\/agenda.png\"><img decoding=\"async\" class=\"icono-boxes alignnone wp-image-136 size-full\" src=\"http:\/\/www.joenessa.org\/wp-content\/uploads\/2016\/01\/agenda.png\" alt=\"\" width=\"256\" height=\"256\" srcset=\"https:\/\/www.joenessa.org\/wp-content\/uploads\/2016\/01\/agenda-66x66.png 66w, https:\/\/www.joenessa.org\/wp-content\/uploads\/2016\/01\/agenda-150x150.png 150w, https:\/\/www.joenessa.org\/wp-content\/uploads\/2016\/01\/agenda.png 256w\" sizes=\"(max-width: 256px) 100vw, 256px\" \/><\/a><span style=\"color: #545454;\">AGENDA<\/span><\/h1>\n<p>[\/vc_column_text][vc_widget_sidebar sidebar_id=&#8221;avada-slidingbar-widget-1&#8243; el_class=&#8221;boxes-agenda&#8221;][vc_btn title=&#8221;Veure tota l&#8217;agenda&#8221; style=&#8221;outline-custom&#8221; outline_custom_color=&#8221;#545454&#8243; outline_custom_hover_background=&#8221;#545454&#8243; outline_custom_hover_text=&#8221;#ffffff&#8221; size=&#8221;lg&#8221; align=&#8221;center&#8221; css=&#8221;.vc_custom_1495644935871{margin-top: 0px !important;margin-bottom: 40px !important;}&#8221; link=&#8221;url:http%3A%2F%2Fwww.joenessa.org%2Fca%2Fenllacos%2F|||&#8221;][\/vc_column][\/vc_row][vc_row full_width=&#8221;stretch_row&#8221; css=&#8221;.vc_custom_1454416688626{margin-top: 0px !important;margin-bottom: 0px !important;padding-top: 0px !important;padding-bottom: 0px !important;}&#8221;][vc_column css=&#8221;.vc_custom_1453808440676{padding-top: 0px !important;padding-bottom: 0px !important;}&#8221;][vc_column_text el_class=&#8221;bloque-icono-agenda&#8221; css=&#8221;.vc_custom_1523634664161{margin-top: 40px !important;margin-bottom: 40px !important;}&#8221;]<\/p>\n<h1><a href=\"http:\/\/www.joenessa.org\/wp-content\/uploads\/2016\/07\/noticias.png\"><img decoding=\"async\" class=\"icono-boxes alignnone wp-image-1065 size-full\" src=\"http:\/\/www.joenessa.org\/wp-content\/uploads\/2016\/01\/noticias.png\" alt=\"\" width=\"256\" height=\"256\" \/><\/a><span style=\"color: #0084a0;\">NOT\u00cdCIES<\/span><\/h1>\n<p>[\/vc_column_text][vc_basic_grid post_type=&#8221;post&#8221; max_items=&#8221;3&#8243; grid_id=&#8221;vc_gid:1615291366186-98077064-4709-7&#8243; taxonomies=&#8221;7&#8243;][vc_btn title=&#8221;Veure totes les not\u00edcies&#8221; style=&#8221;outline-custom&#8221; outline_custom_color=&#8221;#0084a0&#8243; outline_custom_hover_background=&#8221;#0084a0&#8243; outline_custom_hover_text=&#8221;#ffffff&#8221; size=&#8221;lg&#8221; align=&#8221;center&#8221; css=&#8221;.vc_custom_1523634799415{margin-top: 0px !important;margin-bottom: 40px !important;}&#8221; link=&#8221;url:http%3A%2F%2Fwww.joenessa.org%2Fca%2Fnoticies%2F|||&#8221;][\/vc_column][\/vc_row]<\/p>\n","protected":false},"excerpt":{"rendered":"<p>[vc_row full_width=&#8221;stretch_row_content&#8221; bg_type=&#8221;image&#8221; parallax_style=&#8221;vcpb-vz-jquery&#8221; bg_image_new=&#8221;1202|http:\/\/www.joenessa.org\/wp-content\/uploads\/2016\/01\/portada_joenessa.jpg&#8221; bg_img_attach=&#8221;fixed&#8221; css=&#8221;.vc_custom_1485966435656{background-color: #e2e1e4 !important;background-position: 0 [&hellip;]<\/p>\n","protected":false},"author":1,"featured_media":0,"parent":0,"menu_order":0,"comment_status":"closed","ping_status":"closed","template":"","meta":[],"_links":{"self":[{"href":"https:\/\/www.joenessa.org\/ca\/wp-json\/wp\/v2\/pages\/1391"}],"collection":[{"href":"https:\/\/www.joenessa.org\/ca\/wp-json\/wp\/v2\/pages"}],"about":[{"href":"https:\/\/www.joenessa.org\/ca\/wp-json\/wp\/v2\/types\/page"}],"author":[{"embeddable":true,"href":"https:\/\/www.joenessa.org\/ca\/wp-json\/wp\/v2\/users\/1"}],"replies":[{"embeddable":true,"href":"https:\/\/www.joenessa.org\/ca\/wp-json\/wp\/v2\/comments?post=1391"}],"version-history":[{"count":18,"href":"https:\/\/www.joenessa.org\/ca\/wp-json\/wp\/v2\/pages\/1391\/revisions"}],"predecessor-version":[{"id":2786,"href":"https:\/\/www.joenessa.org\/ca\/wp-json\/wp\/v2\/pages\/1391\/revisions\/2786"}],"wp:attachment":[{"href":"https:\/\/www.joenessa.org\/ca\/wp-json\/wp\/v2\/media?parent=1391"}],"curies":[{"name":"wp","href":"https:\/\/api.w.org\/{rel}","templated":true}]}}