{"id":19,"date":"2016-01-22T12:26:55","date_gmt":"2016-01-22T12:26:55","guid":{"rendered":"http:\/\/www.joenessa.org\/?page_id=19"},"modified":"2021-03-09T12:10:10","modified_gmt":"2021-03-09T12:10:10","slug":"inicio-2","status":"publish","type":"page","link":"https:\/\/www.joenessa.org\/es\/","title":{"rendered":"Inicio"},"content":{"rendered":"<p>[vc_row full_width=\u00bbstretch_row_content\u00bb bg_type=\u00bbimage\u00bb parallax_style=\u00bbvcpb-vz-jquery\u00bb bg_image_new=\u00bb1202|http:\/\/www.joenessa.org\/wp-content\/uploads\/2016\/01\/portada_joenessa.jpg\u00bb bg_img_attach=\u00bbfixed\u00bb css=\u00bb.vc_custom_1485966435656{background-color: #e2e1e4 !important;background-position: 0 0 !important;background-repeat: no-repeat !important;}\u00bb el_class=\u00bbslider-portada\u00bb][vc_column][vc_custom_heading text=\u00bbOficina de Joenessa\u00bb font_container=\u00bbtag:h1|text_align:center\u00bb google_fonts=\u00bbfont_family:Open%20Sans%3A300%2C300italic%2Cregular%2Citalic%2C600%2C600italic%2C700%2C700italic%2C800%2C800italic|font_style:400%20regular%3A400%3Anormal\u00bb el_class=\u00bbtitulo-destacado\u00bb][vc_row_inner css=\u00bb.vc_custom_1453724503600{margin-top: 60px !important;margin-right: 10px !important;margin-bottom: 30px !important;margin-left: 10px !important;}\u00bb][vc_column_inner width=\u00bb1\/6&#8243;]\n<div id=\"interactive-banner-1-wrap-3612\" class=\"ult-banner-block ult-adjust-bottom-margin ult-bb-box  banner-style13 boxes\"   style=\"\">\n\t<img src=\"https:\/\/www.joenessa.org\/wp-content\/uploads\/2016\/01\/vivienda_joenessa-1.jpg\" alt=\"\">\n\t<h3  data-ultimate-target='#interactive-banner-1-wrap-3612 .bb-top-title '  data-responsive-json-new='{\"font-size\":\"desktop:25px;\",\"line-height\":\"\"}'  class=\"title-center bb-top-title ult-responsive\" style=\"font-weight:normal;background:#0084a0;color:#ffffff;\">Vivienda<\/h3>\n\t<div class=\"mask opaque-background\" style=\"background:rgba(0,132,160,0.7);\">\n\t\t<div class=\"bb-back-icon\"><i class=\"home_joenessa-house-309113\"  style= \"color:#ffffff;\"><\/i><\/div>\n\t\t<p class=\"\" style=\"font-weight:normal;color:#ffffff;\">Ofrece a los j\u00f3venes (agentes, informaci\u00f3n, asesoramiento, tramitaci\u00f3n)<\/p>\n\t<\/div><a class=\"bb-link\" href=\"http:\/\/www.joenessa.org\/servicios\/vivienda\/\" ><\/a>\n<\/div>[\/vc_column_inner][vc_column_inner width=\u00bb1\/6&#8243;]\n<div id=\"interactive-banner-1-wrap-1476\" class=\"ult-banner-block ult-adjust-bottom-margin ult-bb-box  banner-style13 boxes\"   style=\"\">\n\t<img src=\"https:\/\/www.joenessa.org\/wp-content\/uploads\/2016\/01\/educacion.jpg\" alt=\"\">\n\t<h3  data-ultimate-target='#interactive-banner-1-wrap-1476 .bb-top-title '  data-responsive-json-new='{\"font-size\":\"desktop:25px;\",\"line-height\":\"\"}'  class=\"title-center bb-top-title ult-responsive\" style=\"font-weight:normal;background:#0084a0;color:#ffffff;\">Educaci\u00f3n<\/h3>\n\t<div class=\"mask opaque-background\" style=\"background:rgba(0,132,160,0.7);\">\n\t\t<div class=\"bb-back-icon\"><i class=\"Defaults-book\"  style= \"color:#ffffff;\"><\/i><\/div>\n\t\t<p class=\"\" style=\"font-weight:normal;color:#ffffff;\">Tramitaci\u00f3n de becas, apoyo, coordinaci\u00f3n y orientaci\u00f3n acad\u00e9mica<\/p>\n\t<\/div><a class=\"bb-link\" href=\"http:\/\/www.joenessa.org\/servicios\/educacion\/\" ><\/a>\n<\/div>[\/vc_column_inner][vc_column_inner width=\u00bb1\/6&#8243;]\n<div id=\"interactive-banner-1-wrap-6718\" class=\"ult-banner-block ult-adjust-bottom-margin ult-bb-box  banner-style13 boxes\"   style=\"\">\n\t<img src=\"https:\/\/www.joenessa.org\/wp-content\/uploads\/2016\/01\/trabajo.jpg\" alt=\"\">\n\t<h3  data-ultimate-target='#interactive-banner-1-wrap-6718 .bb-top-title '  data-responsive-json-new='{\"font-size\":\"desktop:25px;\",\"line-height\":\"\"}'  class=\"title-center bb-top-title ult-responsive\" style=\"font-weight:normal;background:#0084a0;color:#ffffff;\">Trabajo<\/h3>\n\t<div class=\"mask opaque-background\" style=\"background:rgba(0,132,160,0.7);\">\n\t\t<div class=\"bb-back-icon\"><i class=\"home_joenessa-briefcase-1296053\"  style= \"color:#ffffff;\"><\/i><\/div>\n\t\t<p class=\"\" style=\"font-weight:normal;color:#ffffff;\">Bolsa Joven de trabajo, formaci\u00f3n, asesoramiento y Programa Garant\u00eda Juvenil (PGJ)<\/p>\n\t<\/div><a class=\"bb-link\" href=\"http:\/\/www.joenessa.org\/servicios\/trabajo\/\" ><\/a>\n<\/div>[\/vc_column_inner][vc_column_inner width=\u00bb1\/6&#8243;]\n<div id=\"interactive-banner-1-wrap-8265\" class=\"ult-banner-block ult-adjust-bottom-margin ult-bb-box  banner-style13 boxes\"   style=\"\">\n\t<img src=\"https:\/\/www.joenessa.org\/wp-content\/uploads\/2016\/01\/salud.jpg\" alt=\"\">\n\t<h3  data-ultimate-target='#interactive-banner-1-wrap-8265 .bb-top-title '  data-responsive-json-new='{\"font-size\":\"desktop:25px;\",\"line-height\":\"\"}'  class=\"title-center bb-top-title ult-responsive\" style=\"font-weight:normal;background:#0084a0;color:#ffffff;\">Salud<\/h3>\n\t<div class=\"mask opaque-background\" style=\"background:rgba(0,132,160,0.7);\">\n\t\t<div class=\"bb-back-icon\"><i class=\"Defaults-heartbeat\"  style= \"color:#ffffff;\"><\/i><\/div>\n\t\t<p class=\"\" style=\"font-weight:normal;color:#ffffff;\">Orientaci\u00f3n, asesoramiento, campa\u00f1as de informaci\u00f3n y asesoramiento psicol\u00f3gico<\/p>\n\t<\/div><a class=\"bb-link\" href=\"http:\/\/www.joenessa.org\/servicios\/salud\/\" ><\/a>\n<\/div>[\/vc_column_inner][vc_column_inner width=\u00bb1\/6&#8243;]\n<div id=\"interactive-banner-1-wrap-8789\" class=\"ult-banner-block ult-adjust-bottom-margin ult-bb-box  banner-style13 boxes\"   style=\"\">\n\t<img src=\"https:\/\/www.joenessa.org\/wp-content\/uploads\/2016\/01\/asociaciones-y-participaciones.jpg\" alt=\"\">\n\t<h3  data-ultimate-target='#interactive-banner-1-wrap-8789 .bb-top-title '  data-responsive-json-new='{\"font-size\":\"desktop:25px;\",\"line-height\":\"\"}'  class=\"title-center bb-top-title ult-responsive\" style=\"font-weight:normal;background:#0084a0;color:#ffffff;\">Asociacionismo<\/h3>\n\t<div class=\"mask opaque-background\" style=\"background:rgba(0,132,160,0.7);\">\n\t\t<div class=\"bb-back-icon\"><i class=\"Defaults-puzzle-piece\"  style= \"color:#ffffff;\"><\/i><\/div>\n\t\t<p class=\"\" style=\"font-weight:normal;color:#ffffff;\">Asesoramiento a j\u00f3venes, plan de apoyo, promoci\u00f3n y organizaci\u00f3n de actividades<\/p>\n\t<\/div><a class=\"bb-link\" href=\"http:\/\/www.joenessa.org\/servicios\/participacion-y-asociacionismo\/\" ><\/a>\n<\/div>[\/vc_column_inner][vc_column_inner width=\u00bb1\/6&#8243;]\n<div id=\"interactive-banner-1-wrap-4469\" class=\"ult-banner-block ult-adjust-bottom-margin ult-bb-box  banner-style13 boxes\"   style=\"\">\n\t<img src=\"https:\/\/www.joenessa.org\/wp-content\/uploads\/2016\/01\/noticias.jpg\" alt=\"\">\n\t<h3  data-ultimate-target='#interactive-banner-1-wrap-4469 .bb-top-title '  data-responsive-json-new='{\"font-size\":\"desktop:25px;\",\"line-height\":\"\"}'  class=\"title-center bb-top-title ult-responsive\" style=\"font-weight:normal;background:#0084a0;color:#ffffff;\">Noticias<\/h3>\n\t<div class=\"mask opaque-background\" style=\"background:rgba(0,132,160,0.7);\">\n\t\t<div class=\"bb-back-icon\"><i class=\"Defaults-newspaper-o\"  style= \"color:#ffffff;\"><\/i><\/div>\n\t\t<p class=\"\" style=\"font-weight:normal;color:#ffffff;\">Inf\u00f3rmate sobre las novedades de la Oficina de Joenessa deth Conselh Generau d'Aran<\/p>\n\t<\/div><a class=\"bb-link\" href=\"http:\/\/www.joenessa.org\/noticias\/\" ><\/a>\n<\/div>[\/vc_column_inner][\/vc_row_inner][\/vc_column][\/vc_row][vc_row full_width=\u00bbstretch_row\u00bb css=\u00bb.vc_custom_1523630074387{margin-top: 0px !important;margin-bottom: 0px !important;padding-top: 0px !important;padding-bottom: 0px !important;background-color: #0084a0 !important;}\u00bb][vc_column css=\u00bb.vc_custom_1453808440676{padding-top: 0px !important;padding-bottom: 0px !important;}\u00bb][vc_row_inner][vc_column_inner el_class=\u00bbbox-matriculas1&#8243; css=\u00bb.vc_custom_1453808522116{padding-top: 20px !important;padding-bottom: 20px !important;}\u00bb][vc_column_text]<\/p>\n<h1><span style=\"color: #ffffff;\"><img decoding=\"async\" class=\"icono-boxes alignnone wp-image-100 size-full\" style=\"font-size: 16px;\" src=\"https:\/\/www.joenessa.org\/wp-content\/uploads\/2020\/05\/paper-1.png\" alt=\"\" width=\"256\" height=\"256\" \/><strong>OFERTAS DE TRABAJO<\/strong><\/span><\/h1>\n<p>[\/vc_column_text][vc_column_text]<\/p>\n<h1><span style=\"color: #ff9900;\"><strong>VAL D&#8217;ARAN<\/strong><\/span><\/h1>\n<p>[\/vc_column_text][vc_column_text]<iframe class=\"airtable-embed\" style=\"background: transparent; border: 1px solid #ccc;\" src=\"https:\/\/airtable.com\/embed\/shrZnrsfLt7547TBt?backgroundColor=yellow&amp;viewControls=on\" width=\"100%\" height=\"533\" frameborder=\"0\"><\/iframe>[\/vc_column_text][\/vc_column_inner][\/vc_row_inner][\/vc_column][\/vc_row][vc_row][vc_column width=\u00bb1\/2&#8243;][vc_message]<\/p>\n<p>Este tabl\u00f3n recoge las ofertas publicadas en los portales p\u00fablicos de empleo.<\/p>\n<p>Oficina Joenessa dera Val d&#8217;Aran no se hace responsable del contenido de \u00e9stas.<\/p>\n<p>[\/vc_message][\/vc_column][vc_column width=\u00bb1\/2&#8243; css=\u00bb.vc_custom_1590734794858{margin-top: 20px !important;margin-right: 20px !important;margin-bottom: 20px !important;margin-left: 20px !important;border-top-width: 2px !important;border-right-width: 2px !important;border-bottom-width: 2px !important;border-left-width: 2px !important;border-left-color: #0084a0 !important;border-right-color: #0084a0 !important;border-top-color: #0084a0 !important;border-bottom-color: #0084a0 !important;}\u00bb][vc_column_text]<\/p>\n<h2 style=\"text-align: center;\"><strong><span style=\"color: #000000;\">\u00bfQuieres a\u00f1adir una oferta?\u00a0<\/span><\/strong><\/h2>\n<p>[\/vc_column_text][vc_btn title=\u00bb\u00a1Responde el formulario online!\u00bb style=\u00bboutline-custom\u00bb outline_custom_color=\u00bb#0084a0&#8243; outline_custom_hover_background=\u00bb#0084a0&#8243; outline_custom_hover_text=\u00bb#ffffff\u00bb size=\u00bblg\u00bb align=\u00bbcenter\u00bb css=\u00bb.vc_custom_1590734714585{margin-top: 0px !important;margin-bottom: 40px !important;}\u00bb link=\u00bburl:https%3A%2F%2Fairtable.com%2FshrSuxYd2bmlg4rhV||target:%20_blank|\u00bb][\/vc_column][\/vc_row][vc_row full_width=\u00bbstretch_row\u00bb css=\u00bb.vc_custom_1454064388125{margin-top: 0px !important;margin-bottom: 0px !important;padding-top: 0px !important;padding-bottom: 0px !important;background-color: #cecece !important;}\u00bb][vc_column css=\u00bb.vc_custom_1453808440676{padding-top: 0px !important;padding-bottom: 0px !important;}\u00bb][vc_column_text el_class=\u00bbbloque-icono-agenda\u00bb css=\u00bb.vc_custom_1454416234125{margin-top: 40px !important;margin-bottom: 10px !important;}\u00bb]<\/p>\n<h1><a href=\"http:\/\/www.joenessa.org\/wp-content\/uploads\/2016\/01\/agenda.png\"><img decoding=\"async\" class=\"icono-boxes alignnone wp-image-136 size-full\" src=\"http:\/\/www.joenessa.org\/wp-content\/uploads\/2016\/01\/agenda.png\" alt=\"\" width=\"256\" height=\"256\" srcset=\"https:\/\/www.joenessa.org\/wp-content\/uploads\/2016\/01\/agenda-66x66.png 66w, https:\/\/www.joenessa.org\/wp-content\/uploads\/2016\/01\/agenda-150x150.png 150w, https:\/\/www.joenessa.org\/wp-content\/uploads\/2016\/01\/agenda.png 256w\" sizes=\"(max-width: 256px) 100vw, 256px\" \/><\/a><span style=\"color: #545454;\">AGENDA<\/span><\/h1>\n<p>[\/vc_column_text][vc_widget_sidebar sidebar_id=\u00bbavada-slidingbar-widget-1&#8243; el_class=\u00bbboxes-agenda\u00bb][vc_btn title=\u00bbVer toda la agenda\u00bb style=\u00bboutline-custom\u00bb outline_custom_color=\u00bb#545454&#8243; outline_custom_hover_background=\u00bb#545454&#8243; outline_custom_hover_text=\u00bb#ffffff\u00bb size=\u00bblg\u00bb align=\u00bbcenter\u00bb css=\u00bb.vc_custom_1467300635072{margin-top: 0px !important;margin-bottom: 40px !important;}\u00bb link=\u00bburl:http%3A%2F%2Fwww.joenessa.org%2Fagenda%2F||\u00bb][\/vc_column][\/vc_row][vc_row full_width=\u00bbstretch_row\u00bb css=\u00bb.vc_custom_1454416688626{margin-top: 0px !important;margin-bottom: 0px !important;padding-top: 0px !important;padding-bottom: 0px !important;}\u00bb][vc_column css=\u00bb.vc_custom_1453808440676{padding-top: 0px !important;padding-bottom: 0px !important;}\u00bb][vc_column_text el_class=\u00bbbloque-icono-agenda\u00bb css=\u00bb.vc_custom_1523633159233{margin-top: 40px !important;margin-bottom: 40px !important;}\u00bb]<\/p>\n<h1><img decoding=\"async\" class=\"icono-boxes alignnone wp-image-1692\" src=\"http:\/\/www.joenessa.org\/wp-content\/uploads\/2016\/01\/noticias.png\" alt=\"\" width=\"54\" height=\"54\" srcset=\"https:\/\/www.joenessa.org\/wp-content\/uploads\/2016\/01\/noticias-66x66.png 66w, https:\/\/www.joenessa.org\/wp-content\/uploads\/2016\/01\/noticias-150x150.png 150w, https:\/\/www.joenessa.org\/wp-content\/uploads\/2016\/01\/noticias-200x200.png 200w, https:\/\/www.joenessa.org\/wp-content\/uploads\/2016\/01\/noticias.png 256w\" sizes=\"(max-width: 54px) 100vw, 54px\" \/>\u00a0<span style=\"color: #0084a0;\">NOTICIAS<\/span><\/h1>\n<p>[\/vc_column_text][vc_basic_grid post_type=\u00bbpost\u00bb max_items=\u00bb3&#8243; grid_id=\u00bbvc_gid:1615291763688-e22f5cd9-121b-8&#8243; taxonomies=\u00bb7&#8243;][vc_btn title=\u00bbVer todas las noticias\u00bb style=\u00bboutline-custom\u00bb outline_custom_color=\u00bb#0084a0&#8243; outline_custom_hover_background=\u00bb#0084a0&#8243; outline_custom_hover_text=\u00bb#ffffff\u00bb size=\u00bblg\u00bb align=\u00bbcenter\u00bb css=\u00bb.vc_custom_1523632514426{margin-top: 0px !important;margin-bottom: 40px !important;}\u00bb link=\u00bburl:http%3A%2F%2Fwww.joenessa.org%2Fnoticias%2F|||\u00bb][\/vc_column][\/vc_row]<\/p>\n","protected":false},"excerpt":{"rendered":"<p>[vc_row full_width=\u00bbstretch_row_content\u00bb bg_type=\u00bbimage\u00bb parallax_style=\u00bbvcpb-vz-jquery\u00bb bg_image_new=\u00bb1202|http:\/\/www.joenessa.org\/wp-content\/uploads\/2016\/01\/portada_joenessa.jpg\u00bb bg_img_attach=\u00bbfixed\u00bb css=\u00bb.vc_custom_1485966435656{background-color: #e2e1e4 !important;background-position: 0 [&hellip;]<\/p>\n","protected":false},"author":1,"featured_media":0,"parent":0,"menu_order":0,"comment_status":"closed","ping_status":"closed","template":"","meta":[],"_links":{"self":[{"href":"https:\/\/www.joenessa.org\/es\/wp-json\/wp\/v2\/pages\/19"}],"collection":[{"href":"https:\/\/www.joenessa.org\/es\/wp-json\/wp\/v2\/pages"}],"about":[{"href":"https:\/\/www.joenessa.org\/es\/wp-json\/wp\/v2\/types\/page"}],"author":[{"embeddable":true,"href":"https:\/\/www.joenessa.org\/es\/wp-json\/wp\/v2\/users\/1"}],"replies":[{"embeddable":true,"href":"https:\/\/www.joenessa.org\/es\/wp-json\/wp\/v2\/comments?post=19"}],"version-history":[{"count":212,"href":"https:\/\/www.joenessa.org\/es\/wp-json\/wp\/v2\/pages\/19\/revisions"}],"predecessor-version":[{"id":2787,"href":"https:\/\/www.joenessa.org\/es\/wp-json\/wp\/v2\/pages\/19\/revisions\/2787"}],"wp:attachment":[{"href":"https:\/\/www.joenessa.org\/es\/wp-json\/wp\/v2\/media?parent=19"}],"curies":[{"name":"wp","href":"https:\/\/api.w.org\/{rel}","templated":true}]}}