{"id":348,"date":"2016-02-17T11:07:01","date_gmt":"2016-02-17T11:07:01","guid":{"rendered":"http:\/\/www.joenessa.org\/?page_id=348"},"modified":"2020-05-12T09:45:40","modified_gmt":"2020-05-12T09:45:40","slug":"vivienda","status":"publish","type":"page","link":"https:\/\/www.joenessa.org\/es\/servicios\/vivienda\/","title":{"rendered":"Vivienda"},"content":{"rendered":"<p>[vc_row full_width=\u00bbstretch_row_content\u00bb bg_type=\u00bbimage\u00bb parallax_style=\u00bbvcpb-vz-jquery\u00bb bg_image_new=\u00bb1223|http:\/\/www.joenessa.org\/wp-content\/uploads\/2016\/02\/vivienda_header-2.jpg\u00bb bg_image_repeat=\u00bbno-repeat\u00bb bg_img_attach=\u00bbfixed\u00bb css=\u00bb.vc_custom_1589276737661{padding-top: 30px !important;padding-bottom: 30px !important;background-color: #e2e1e4 !important;background-position: 0 0 !important;background-repeat: no-repeat !important;}\u00bb el_class=\u00bbslider-portada\u00bb][vc_column][vc_custom_heading text=\u00bbVivienda\u00bb font_container=\u00bbtag:h1|text_align:center\u00bb google_fonts=\u00bbfont_family:Open%20Sans%3A300%2C300italic%2Cregular%2Citalic%2C600%2C600italic%2C700%2C700italic%2C800%2C800italic|font_style:400%20regular%3A400%3Anormal\u00bb el_class=\u00bbtitulo-destacado\u00bb][\/vc_column][\/vc_row][vc_row full_width=\u00bbstretch_row\u00bb css=\u00bb.vc_custom_1485967431281{padding-top: 20px !important;background-color: #e8e8e8 !important;}\u00bb][vc_column width=\u00bb1\/2&#8243;][vc_column_text]Bolsa de vivienda Val d\u2019Aran con la finalidad de ofrecer a los j\u00f3venes diversos mecanismos (agentes, informaci\u00f3n, asesoramiento, tramitaci\u00f3n) que permitan y favorezcan la emancipaci\u00f3n juvenil en el territorio, unificando criterios alrededor de los servicios de acceso a la vivienda.<\/p>\n<p><span style=\"color: #0084a0;\"><strong>Estas actuaciones son:<\/strong><\/span><\/p>\n<ul>\n<li>Recepci\u00f3n de solicitantes, solicitudes y propietarios.<\/li>\n<\/ul>\n<ul>\n<li>Informar sobre subvenciones y legislaci\u00f3n de ayudas p\u00fablicas.<\/li>\n<\/ul>\n<ul>\n<li>Tramitar ayudas en materia de vivienda.<\/li>\n<\/ul>\n<ul>\n<li>Captaci\u00f3n de viviendas (incluyendo pisos compartidos y bolsa de habitaciones): reconocimiento del mercado, b\u00fasqueda de viviendas y difusi\u00f3n del programa, entrevistas con due\u00f1os e inventarios.<\/li>\n<\/ul>\n<ul>\n<li>Gesti\u00f3n de la oferta de viviendas en bolsa, selecci\u00f3n de demandantes, visita a las viviendas y mediaci\u00f3n y seguimiento del proceso de contrataci\u00f3n.<\/li>\n<\/ul>\n<ul>\n<li>Gesti\u00f3n y coordinaci\u00f3n de los contratos firmados por mediaci\u00f3n de la bolsa (p\u00f3lizas, fianzas&#8230;).<\/li>\n<\/ul>\n<ul>\n<li>Seguimiento del estado de la relaci\u00f3n contractual entre los due\u00f1os y los inquilinos y elaboraci\u00f3n de los informes correspondientes.<\/li>\n<\/ul>\n<p>[\/vc_column_text][\/vc_column][vc_column width=\u00bb1\/2&#8243;][vc_single_image image=\u00bb1213&#8243; img_size=\u00bb900&#215;900&#8243; alignment=\u00bbcenter\u00bb][\/vc_column][\/vc_row]<\/p>\n","protected":false},"excerpt":{"rendered":"<p>[vc_row full_width=\u00bbstretch_row_content\u00bb bg_type=\u00bbimage\u00bb parallax_style=\u00bbvcpb-vz-jquery\u00bb bg_image_new=\u00bb1223|http:\/\/www.joenessa.org\/wp-content\/uploads\/2016\/02\/vivienda_header-2.jpg\u00bb bg_image_repeat=\u00bbno-repeat\u00bb bg_img_attach=\u00bbfixed\u00bb css=\u00bb.vc_custom_1589276737661{padding-top: 30px !important;padding-bottom: [&hellip;]<\/p>\n","protected":false},"author":1,"featured_media":0,"parent":942,"menu_order":0,"comment_status":"closed","ping_status":"closed","template":"","meta":[],"_links":{"self":[{"href":"https:\/\/www.joenessa.org\/es\/wp-json\/wp\/v2\/pages\/348"}],"collection":[{"href":"https:\/\/www.joenessa.org\/es\/wp-json\/wp\/v2\/pages"}],"about":[{"href":"https:\/\/www.joenessa.org\/es\/wp-json\/wp\/v2\/types\/page"}],"author":[{"embeddable":true,"href":"https:\/\/www.joenessa.org\/es\/wp-json\/wp\/v2\/users\/1"}],"replies":[{"embeddable":true,"href":"https:\/\/www.joenessa.org\/es\/wp-json\/wp\/v2\/comments?post=348"}],"version-history":[{"count":79,"href":"https:\/\/www.joenessa.org\/es\/wp-json\/wp\/v2\/pages\/348\/revisions"}],"predecessor-version":[{"id":1919,"href":"https:\/\/www.joenessa.org\/es\/wp-json\/wp\/v2\/pages\/348\/revisions\/1919"}],"up":[{"embeddable":true,"href":"https:\/\/www.joenessa.org\/es\/wp-json\/wp\/v2\/pages\/942"}],"wp:attachment":[{"href":"https:\/\/www.joenessa.org\/es\/wp-json\/wp\/v2\/media?parent=348"}],"curies":[{"name":"wp","href":"https:\/\/api.w.org\/{rel}","templated":true}]}}