{"id":947,"date":"2017-01-26T18:18:23","date_gmt":"2017-01-26T18:18:23","guid":{"rendered":"http:\/\/www.joenessa.org\/?page_id=947"},"modified":"2020-05-12T09:48:21","modified_gmt":"2020-05-12T09:48:21","slug":"participacion-y-asociacionismo","status":"publish","type":"page","link":"https:\/\/www.joenessa.org\/es\/servicios\/participacion-y-asociacionismo\/","title":{"rendered":"Participaci\u00f3n y Asociacionismo"},"content":{"rendered":"<p>[vc_row full_width=\u00bbstretch_row_content\u00bb bg_type=\u00bbimage\u00bb parallax_style=\u00bbvcpb-vz-jquery\u00bb bg_image_new=\u00bb1243|http:\/\/www.joenessa.org\/wp-content\/uploads\/2017\/01\/participacion-1.jpg\u00bb bg_image_repeat=\u00bbno-repeat\u00bb bg_img_attach=\u00bbfixed\u00bb css=\u00bb.vc_custom_1589276898422{padding-top: 30px !important;padding-bottom: 30px !important;background-color: #e2e1e4 !important;background-position: 0 0 !important;background-repeat: no-repeat !important;}\u00bb el_class=\u00bbslider-portada\u00bb][vc_column][vc_custom_heading text=\u00bbParticipaci\u00f3n y Asociacionismo\u00bb font_container=\u00bbtag:h1|text_align:center\u00bb google_fonts=\u00bbfont_family:Open%20Sans%3A300%2C300italic%2Cregular%2Citalic%2C600%2C600italic%2C700%2C700italic%2C800%2C800italic|font_style:400%20regular%3A400%3Anormal\u00bb el_class=\u00bbtitulo-destacado\u00bb][\/vc_column][\/vc_row][vc_row full_width=\u00bbstretch_row\u00bb css=\u00bb.vc_custom_1486035492891{padding-top: 20px !important;background-color: #e8e8e8 !important;}\u00bb][vc_column width=\u00bb1\/2&#8243; css=\u00bb.vc_custom_1485454246897{padding-top: 70px !important;}\u00bb][vc_column_text]<\/p>\n<ul>\n<li><span style=\"color: #0084a0;\"><strong>Asesoramiento a j\u00f3venes y grupos de j\u00f3venes sobre el mundo asociativo:<\/strong><\/span> se ofrece asesoramiento e informaci\u00f3n a las diferentes asociaciones juveniles y grupos de j\u00f3venes de la Val d\u2019Aran.<\/li>\n<\/ul>\n<ul>\n<li><span style=\"color: #0084a0;\"><strong>Espacios de convivencia de valores:<\/strong> <\/span>actividades educativas que favorecen el desarrollo integral de los j\u00f3venes, complementado con el trabajo educativo de la familia y instituciones educativas. Estas actividades educativas, colonias, casales, rutas,.. tienen como finalidad fomentar los valores.<\/li>\n<\/ul>\n<ul>\n<li><span style=\"color: #0084a0;\"><strong>Plan de apoyo a las actividades realizadas por la juventud.<\/strong><\/span><\/li>\n<\/ul>\n<ul>\n<li><span style=\"color: #0084a0;\"><strong>Promoci\u00f3n y organizaci\u00f3n de actividades:<\/strong><\/span> para dar apoyo a la expresi\u00f3n juvenil mediante el desarrollo de actividades creativas y simb\u00f3licas diferentes a partir de sus necesidades y demandas potenciando los canales de expresi\u00f3n de los j\u00f3venes.<\/li>\n<\/ul>\n<ul>\n<li><span style=\"color: #0084a0;\"><strong>Espacio de encuentro:<\/strong><\/span> espacio para que los grupos de j\u00f3venes organizados desarrollen actividades para y con otros j\u00f3venes.<\/li>\n<\/ul>\n<p>[\/vc_column_text][\/vc_column][vc_column width=\u00bb1\/2&#8243;][vc_single_image image=\u00bb979&#8243; img_size=\u00bb600&#215;600&#8243; alignment=\u00bbcenter\u00bb][\/vc_column][\/vc_row][vc_row][vc_column][vc_column_text]<\/p>\n<h1 style=\"text-align: center;\">Enlaces de inter\u00e9s<\/h1>\n<p>[\/vc_column_text][\/vc_column][\/vc_row][vc_row][vc_column][vc_column_text]<\/p>\n<ul>\n<li>XANASCAT, Xarxa Nacional Albergs Socials de Catalunya<\/li>\n<\/ul>\n<p><a href=\"https:\/\/www.xanascat.cat\/\">https:\/\/www.xanascat.cat\/<\/a><\/p>\n<ul>\n<li>Carnet jove<\/li>\n<\/ul>\n<p><a href=\"https:\/\/www.carnetjove.cat\/ca\">https:\/\/www.carnetjove.cat\/ca<\/a>[\/vc_column_text][\/vc_column][\/vc_row]<\/p>\n","protected":false},"excerpt":{"rendered":"<p>[vc_row full_width=\u00bbstretch_row_content\u00bb bg_type=\u00bbimage\u00bb parallax_style=\u00bbvcpb-vz-jquery\u00bb bg_image_new=\u00bb1243|http:\/\/www.joenessa.org\/wp-content\/uploads\/2017\/01\/participacion-1.jpg\u00bb bg_image_repeat=\u00bbno-repeat\u00bb bg_img_attach=\u00bbfixed\u00bb css=\u00bb.vc_custom_1589276898422{padding-top: 30px !important;padding-bottom: [&hellip;]<\/p>\n","protected":false},"author":3,"featured_media":0,"parent":942,"menu_order":0,"comment_status":"closed","ping_status":"closed","template":"","meta":[],"_links":{"self":[{"href":"https:\/\/www.joenessa.org\/es\/wp-json\/wp\/v2\/pages\/947"}],"collection":[{"href":"https:\/\/www.joenessa.org\/es\/wp-json\/wp\/v2\/pages"}],"about":[{"href":"https:\/\/www.joenessa.org\/es\/wp-json\/wp\/v2\/types\/page"}],"author":[{"embeddable":true,"href":"https:\/\/www.joenessa.org\/es\/wp-json\/wp\/v2\/users\/3"}],"replies":[{"embeddable":true,"href":"https:\/\/www.joenessa.org\/es\/wp-json\/wp\/v2\/comments?post=947"}],"version-history":[{"count":18,"href":"https:\/\/www.joenessa.org\/es\/wp-json\/wp\/v2\/pages\/947\/revisions"}],"predecessor-version":[{"id":1925,"href":"https:\/\/www.joenessa.org\/es\/wp-json\/wp\/v2\/pages\/947\/revisions\/1925"}],"up":[{"embeddable":true,"href":"https:\/\/www.joenessa.org\/es\/wp-json\/wp\/v2\/pages\/942"}],"wp:attachment":[{"href":"https:\/\/www.joenessa.org\/es\/wp-json\/wp\/v2\/media?parent=947"}],"curies":[{"name":"wp","href":"https:\/\/api.w.org\/{rel}","templated":true}]}}